{"id":1183,"date":"2024-04-25T13:57:52","date_gmt":"2024-04-25T11:57:52","guid":{"rendered":"https:\/\/tienda.i4life.es\/product\/reloj-plan-mensual\/"},"modified":"2026-03-24T10:08:15","modified_gmt":"2026-03-24T09:08:15","slug":"reloj-teleasistencia","status":"publish","type":"product","link":"https:\/\/tienda.i4life.es\/en\/product\/reloj-teleasistencia\/","title":{"rendered":"Reloj teleasistencia para mayores"},"content":{"rendered":"<h1><strong>Reloj teleasistencia para mayores<\/strong><\/h1>\n<p>Reloj de teleasistencia para personas mayores con llamada de emergencia bidireccional, aviso de ca\u00eddas y medici\u00f3n de constantes vitales.<\/p>\n<p>* Requiere suscripci\u00f3n a <strong>plan mensual de conexi\u00f3n<\/strong> para poder recibir llamadas.<\/p>\n<p>* El equipo de asistencia de i4life.es se supondr\u00e1 en contacto telef\u00f3nico para facilitar la configuraci\u00f3n de la conexi\u00f3n.<\/p>\n<figure id=\"attachment_1280\" aria-describedby=\"caption-attachment-1280\" style=\"width: 185px\" class=\"wp-caption alignnone\"><img decoding=\"async\" class=\"wp-image-1280\" src=\"https:\/\/tienda.i4life.es\/wp-content\/uploads\/2024\/04\/PlanMensual-1.svg\" alt=\"Plan mensual reloj teleasistencia para mayores\" width=\"185\" height=\"161\" \/><figcaption id=\"caption-attachment-1280\" class=\"wp-caption-text\">Plan mensual reloj teleasistencia para mayores<\/figcaption><\/figure>\n<h2>El reloj que detecta ca\u00eddas<\/h2>\n<p>El cuidador recibir\u00e1 un aviso en forma de llamada bidireccional ante un movimiento brusco o impacto, pudiendo configurar previamente la sensibilidad del sensor.<\/p>\n<h2>Un reloj con bot\u00f3n de emergencia dentro y fuera de casa.<\/h2>\n<p>Atenci\u00f3n remota para personas mayores, con comunicaci\u00f3n inmediata con tu cuidador o asistente. F\u00e1cil de usar, proporciona autonom\u00eda y seguridad a las personas cuidadas y a sus cuidadores.<\/p>\n<h2><strong>Funciones destacadas de tu reloj teleasistencia conectada:<\/strong><\/h2>\n<ul>\n<li>\n<h3>Bot\u00f3n de emergencia<\/h3>\n<\/li>\n<li>\n<h3>Detecci\u00f3n de ca\u00eddas<\/h3>\n<\/li>\n<li>\n<h3>Detecta inactividad<\/h3>\n<\/li>\n<li>\n<h3>Recepci\u00f3n de llamadas<\/h3>\n<\/li>\n<li>\n<h3>Ubicaci\u00f3n en tiempo real (Geolocalizaci\u00f3n)<\/h3>\n<\/li>\n<li>\n<h3>Cobertura nacional<\/h3>\n<\/li>\n<li>\n<h3>Constantes vitales<\/h3>\n<\/li>\n<li>\n<h3>Conectado con la Familia<\/h3>\n<\/li>\n<li>\n<h3>F\u00e1cil de usar<\/h3>\n<\/li>\n<li>\n<h3>Medici\u00f3n de constantes<\/h3>\n<\/li>\n<li>\n<h3>Manos Libres<\/h3>\n<\/li>\n<li>\n<h3>Recordatorio de medicamentos<\/h3>\n<\/li>\n<li>\n<h3>App de f\u00e1cil uso para toda la familia<\/h3>\n<\/li>\n<\/ul>\n<p>* Requiere de suscripci\u00f3n a <strong>plan mensual de conexi\u00f3n<\/strong> para poder recibir llamadas<\/p>\n<p>&nbsp;<\/p>\n<h2><strong>Reloj GPS para personas mayores:<\/strong><\/h2>\n<p><strong>El reloj<\/strong>\u00a0<strong>conectado,<\/strong> es una soluci\u00f3n muy \u00fatil para el cuidado de personas mayores. Cuida tanto a la persona mayor, como a las personas que la cuidan.<\/p>\n<h2><strong>El reloj que proporciona autonom\u00eda y seguridad<\/strong><\/h2>\n<p><strong>El reloj con teleasistencia,<\/strong> proporciona independencia, autonom\u00eda y seguridad a la persona cuidada, y apoya a la persona cuidadora contribuyendo a rebajar su estr\u00e9s y miedos.<\/p>\n<h2><strong>Cuidamos a los cuidadores<\/strong><\/h2>\n<p>\u201cCuidamos a las personas cuidadoras para que cuiden mejor\u201d<\/p>\n<p>La trayectoria empresarial de i4life nos ha permitido hablar con muchas personas cuidadas y sus cuidadoras, tanto profesionales como amateurs.<br \/>\nEl cuidado es una labor fundamental en las familias que, lamentablemente, tiene poco reconocimiento y visibilidad. Se nota cuando escasea, pero no se le da importancia si se realiza adecuadamente.<br \/>\nLa responsabilidad del cuidado recae normalmente en pocas personas (casi siempre mujeres) que frecuentemente se sienten solas en esa labor, as\u00ed como culpables por sentir el peso de una carga que el resto percibe ligera.<br \/>\nEsta sensaci\u00f3n de culpa continua, la frustraci\u00f3n por cometer errores, el miedo a que ocurra algo provoca much\u00edsimo estr\u00e9s en la persona cuidadora que empeoran su calidad de vida y, a la larga, puede generar problemas severos en su salud.<\/p>\n<h2>\u00bfC\u00f3mo Ayuda el reloj para mayores a personas cuidadas y cuidadores?<\/h2>\n<p><strong>PERSONAS CUIDADORAS:<\/strong><br \/>\nComo persona cuidadora habr\u00e1s experimentado m\u00faltiples emociones: amor hacia la persona que cuidas, responsabilidad, miedo a que ocurra algo que no puedas controlar, frustraci\u00f3n e ira debido al estr\u00e9s que genera el cuidado, culpa por no haber estado en el momento adecuado o por haberte despistado, soledad porque la misi\u00f3n parece f\u00e1cil y nadie te entiende.<\/p>\n<p><strong>PERSONAS CUIDADAS:<\/strong><br \/>\nA medida que nos hacemos mayores es habitual que experimentemos a diario emociones como inseguridad, miedo, frustraci\u00f3n, tristeza.<br \/>\nPodemos mitigar estas emociones en la vida de nuestros mayores si conseguimos aportarles seguridad, protecci\u00f3n, independencia, autonom\u00eda, apoyo emocional y amor.<br \/>\nY hay que hacerlo con sensibilidad, con medida y sin invadir su privacidad.<\/p>\n<h3>Otras Caracter\u00edsticas de tu reloj teleasistencia:<\/h3>\n<ul>\n<li>Acceso ilimitado a la aplicaci\u00f3n Domio para toda la familia, sin restricciones en el n\u00famero de usuarios.<\/li>\n<li>Utilizaci\u00f3n constante de la centralita autom\u00e1tica que opera las 24 horas.<\/li>\n<li>Caracter\u00edsticas de detecci\u00f3n de riesgos y geolocalizaci\u00f3n ajustables seg\u00fan tus preferencias, visualizables en un mapa.<\/li>\n<li>El dispositivo viene con un plan de datos y voz preconfigurado, sin l\u00edmites de uso y no requiere l\u00ednea fija ni m\u00f3vil. Est\u00e1 listo para su uso inmediato.<\/li>\n<li>Asistencia al cliente y soporte t\u00e9cnico disponibles para ayudarte con cualquier consulta o incidencia que puedas tener.<\/li>\n<li>No hay compromiso de permanencia, puedes cancelar tu suscripci\u00f3n con un aviso de 30 d\u00edas.<\/li>\n<li>Env\u00edo gratuito con la compra, con entrega aproximada en 2 d\u00edas laborables.<\/li>\n<\/ul>\n<p>Con la garant\u00eda de ser un dispositivo tecnol\u00f3gico testado por\u00a0 <a href=\"https:\/\/i4life.es\/\" target=\"_blank\" rel=\"noopener\">i4life.es<\/a> dentro de la categor\u00eda reloj inteligente<\/p>","protected":false},"excerpt":{"rendered":"<p>Reloj teleasistencia para personas mayores con llamada de emergencia bidireccional, aviso de ca\u00eddas, geolocalizaci\u00f3n y medici\u00f3n de constantes.<\/p>\n<p><strong>Para su funcionamiento requiere la compra del un plan mensual de conexi\u00f3n <\/strong>que dar\u00e1 conectividad al reloj para la realizaci\u00f3n de las llamadas.<\/p>\n<p>El equipo de asistencia de i4life.es se supondr\u00e1 en contacto telef\u00f3nico para facilitar la configuraci\u00f3n de la conexi\u00f3n.<\/p>\n<p>Si necesitas ayuda en el momento de la compra o la suscripci\u00f3n contacta con nosotros bot\u00f3n de WhatsApp o en el tel\u00e9fono 644 75 66 11<\/p>\n<p>Con la garant\u00eda de <a href=\"https:\/\/i4life.es\/\" target=\"_blank\" rel=\"noopener\">i4life.es<\/a><\/p>","protected":false},"featured_media":1291,"comment_status":"open","ping_status":"closed","template":"","meta":{"_joinchat":{"telephone":"+34644756611"}},"product_brand":[],"product_cat":[25],"product_tag":[29,30,26,35,27,36,28,34],"class_list":{"0":"post-1183","1":"product","2":"type-product","3":"status-publish","4":"has-post-thumbnail","6":"product_cat-reloj-gps","7":"product_tag-ayuda","8":"product_tag-emergencia","9":"product_tag-gps","10":"product_tag-llamada-sos","11":"product_tag-localizador","12":"product_tag-medicion-de-constantes","13":"product_tag-senior","14":"product_tag-teleasistencia","16":"first","17":"instock","18":"sold-individually","19":"taxable","20":"shipping-taxable","21":"purchasable","22":"product-type-simple"},"_links":{"self":[{"href":"https:\/\/tienda.i4life.es\/en\/wp-json\/wp\/v2\/product\/1183","targetHints":{"allow":["GET"]}}],"collection":[{"href":"https:\/\/tienda.i4life.es\/en\/wp-json\/wp\/v2\/product"}],"about":[{"href":"https:\/\/tienda.i4life.es\/en\/wp-json\/wp\/v2\/types\/product"}],"replies":[{"embeddable":true,"href":"https:\/\/tienda.i4life.es\/en\/wp-json\/wp\/v2\/comments?post=1183"}],"wp:featuredmedia":[{"embeddable":true,"href":"https:\/\/tienda.i4life.es\/en\/wp-json\/wp\/v2\/media\/1291"}],"wp:attachment":[{"href":"https:\/\/tienda.i4life.es\/en\/wp-json\/wp\/v2\/media?parent=1183"}],"wp:term":[{"taxonomy":"product_brand","embeddable":true,"href":"https:\/\/tienda.i4life.es\/en\/wp-json\/wp\/v2\/product_brand?post=1183"},{"taxonomy":"product_cat","embeddable":true,"href":"https:\/\/tienda.i4life.es\/en\/wp-json\/wp\/v2\/product_cat?post=1183"},{"taxonomy":"product_tag","embeddable":true,"href":"https:\/\/tienda.i4life.es\/en\/wp-json\/wp\/v2\/product_tag?post=1183"}],"curies":[{"name":"wp","href":"https:\/\/api.w.org\/{rel}","templated":true}]}}