{"id":847,"date":"2024-01-15T09:11:49","date_gmt":"2024-01-15T08:11:49","guid":{"rendered":"https:\/\/tienda.i4life.es\/?page_id=847"},"modified":"2025-01-30T13:30:12","modified_gmt":"2025-01-30T12:30:12","slug":"pago-seguro","status":"publish","type":"page","link":"https:\/\/tienda.i4life.es\/en\/pago-seguro\/","title":{"rendered":"Secure payment"},"content":{"rendered":"<div data-elementor-type=\"wp-page\" data-elementor-id=\"847\" class=\"elementor elementor-847\">\n\t\t\t\t\t\t<section class=\"elementor-section elementor-top-section elementor-element elementor-element-6c09bab elementor-section-full_width elementor-section-height-min-height elementor-section-height-default elementor-section-items-middle elementor-invisible\" data-id=\"6c09bab\" data-element_type=\"section\" data-e-type=\"section\" data-settings=\"{&quot;animation&quot;:&quot;fadeInUpShorter&quot;,&quot;animation_delay&quot;:400,&quot;background_background&quot;:&quot;classic&quot;}\">\n\t\t\t\t\t\t\t<div class=\"elementor-background-overlay\"><\/div>\n\t\t\t\t\t\t\t<div class=\"elementor-container elementor-column-gap-default\">\n\t\t\t\t\t<div class=\"elementor-column elementor-col-100 elementor-top-column elementor-element elementor-element-801eab6\" data-id=\"801eab6\" data-element_type=\"column\" data-e-type=\"column\">\n\t\t\t<div class=\"elementor-widget-wrap elementor-element-populated\">\n\t\t\t\t\t\t<div class=\"elementor-element elementor-element-55a89d3 elementor-invisible elementor-widget elementor-widget-heading\" data-id=\"55a89d3\" data-element_type=\"widget\" data-e-type=\"widget\" data-settings=\"{&quot;_animation&quot;:&quot;fadeInUpShorter&quot;,&quot;_animation_delay&quot;:200}\" data-widget_type=\"heading.default\">\n\t\t\t\t\t<h1 class=\"elementor-heading-title elementor-size-default\">Secure payment<\/h1>\t\t\t\t<\/div>\n\t\t\t\t<div class=\"elementor-element elementor-element-891c20d elementor-widget elementor-widget-text-editor\" data-id=\"891c20d\" data-element_type=\"widget\" data-e-type=\"widget\" data-widget_type=\"text-editor.default\">\n\t\t\t\t\t\t\t\t\t<h3><span style=\"font-weight: 400;\">Nuestro pago seguro<\/span><\/h3><p><span style=\"font-weight: 400;\">Con SSL le garantizamos que el proceso de transferencia de informaci\u00f3n es 100% seguro.<\/span><\/p><h3><span style=\"font-weight: 400;\">Utilizando Visa\/Mastercard\/Paypal<\/span><\/h3><p><span style=\"font-weight: 400;\">Utilizar tu tarjeta bancaria como forma de pago es inmediata, c\u00f3moda y segura. Al terminar tu pedido, podr\u00e1s sceptar el pago en la p\u00e1gina del banco. i4life no recibir\u00e1 estos datos ni tendr\u00e1 acceso a ellos.<\/span><\/p><p><span style=\"font-weight: 400;\">PayPal, la empresa de confianza l\u00edder en pagos en Internet, permite a compradores y empresas enviar y recibir dinero por Internet. PayPal tiene m\u00e1s de 100 millones de cuentas de usuario en 190 pa\u00edses y regiones. Es aceptado por vendedores de todas partes, tanto en eBay como en otros lugares.<\/span><\/p><p><span style=\"font-weight: 400;\">PayPal ayuda a proteger la informaci\u00f3n de las tarjetas de cr\u00e9dito con los mejores sistemas de seguridad y prevenci\u00f3n de fraude del sector. Cuando se utiliza PayPal, la informaci\u00f3n financiera nunca se comparte con el vendedor.<\/span><\/p>\t\t\t\t\t\t\t\t<\/div>\n\t\t\t\t\t<\/div>\n\t\t<\/div>\n\t\t\t\t\t<\/div>\n\t\t<\/section>\n\t\t\t\t<section class=\"elementor-section elementor-top-section elementor-element elementor-element-d502af4 elementor-section-boxed elementor-section-height-default elementor-section-height-default\" data-id=\"d502af4\" data-element_type=\"section\" data-e-type=\"section\">\n\t\t\t\t\t\t<div class=\"elementor-container elementor-column-gap-default\">\n\t\t\t\t\t<div class=\"elementor-column elementor-col-100 elementor-top-column elementor-element elementor-element-4bef3e5\" data-id=\"4bef3e5\" data-element_type=\"column\" data-e-type=\"column\">\n\t\t\t<div class=\"elementor-widget-wrap elementor-element-populated\">\n\t\t\t\t\t\t<div class=\"elementor-element elementor-element-de863e8 elementor-widget elementor-widget-spacer\" data-id=\"de863e8\" data-element_type=\"widget\" data-e-type=\"widget\" data-widget_type=\"spacer.default\">\n\t\t\t\t\t\t\t<div class=\"elementor-spacer\">\n\t\t\t<div class=\"elementor-spacer-inner\"><\/div>\n\t\t<\/div>\n\t\t\t\t\t\t<\/div>\n\t\t\t\t\t<\/div>\n\t\t<\/div>\n\t\t\t\t\t<\/div>\n\t\t<\/section>\n\t\t\t\t<\/div>","protected":false},"excerpt":{"rendered":"<p>Pago seguro Nuestro pago seguro Con SSL le garantizamos que el proceso de transferencia de informaci\u00f3n es 100% seguro. Utilizando Visa\/Mastercard\/Paypal Utilizar tu tarjeta bancaria como forma de pago es [&hellip;]<\/p>\n","protected":false},"author":1,"featured_media":0,"parent":0,"menu_order":0,"comment_status":"closed","ping_status":"closed","template":"elementor_header_footer","meta":{"_joinchat":[],"footnotes":""},"class_list":["post-847","page","type-page","status-publish","hentry"],"_links":{"self":[{"href":"https:\/\/tienda.i4life.es\/en\/wp-json\/wp\/v2\/pages\/847","targetHints":{"allow":["GET"]}}],"collection":[{"href":"https:\/\/tienda.i4life.es\/en\/wp-json\/wp\/v2\/pages"}],"about":[{"href":"https:\/\/tienda.i4life.es\/en\/wp-json\/wp\/v2\/types\/page"}],"author":[{"embeddable":true,"href":"https:\/\/tienda.i4life.es\/en\/wp-json\/wp\/v2\/users\/1"}],"replies":[{"embeddable":true,"href":"https:\/\/tienda.i4life.es\/en\/wp-json\/wp\/v2\/comments?post=847"}],"version-history":[{"count":10,"href":"https:\/\/tienda.i4life.es\/en\/wp-json\/wp\/v2\/pages\/847\/revisions"}],"predecessor-version":[{"id":1573,"href":"https:\/\/tienda.i4life.es\/en\/wp-json\/wp\/v2\/pages\/847\/revisions\/1573"}],"wp:attachment":[{"href":"https:\/\/tienda.i4life.es\/en\/wp-json\/wp\/v2\/media?parent=847"}],"curies":[{"name":"wp","href":"https:\/\/api.w.org\/{rel}","templated":true}]}}