{"id":742,"date":"2024-01-12T14:23:48","date_gmt":"2024-01-12T13:23:48","guid":{"rendered":"https:\/\/tienda.i4life.es\/?page_id=742"},"modified":"2024-01-15T08:47:03","modified_gmt":"2024-01-15T07:47:03","slug":"aviso-legal","status":"publish","type":"page","link":"https:\/\/tienda.i4life.es\/en\/aviso-legal\/","title":{"rendered":"Legal Notice"},"content":{"rendered":"<div data-elementor-type=\"wp-page\" data-elementor-id=\"742\" class=\"elementor elementor-742\">\n\t\t\t\t\t\t<section class=\"elementor-section elementor-top-section elementor-element elementor-element-6c09bab elementor-section-full_width elementor-section-height-min-height elementor-section-height-default elementor-section-items-middle elementor-invisible\" data-id=\"6c09bab\" data-element_type=\"section\" data-e-type=\"section\" data-settings=\"{&quot;animation&quot;:&quot;fadeInUpShorter&quot;,&quot;animation_delay&quot;:400,&quot;background_background&quot;:&quot;classic&quot;}\">\n\t\t\t\t\t\t\t<div class=\"elementor-background-overlay\"><\/div>\n\t\t\t\t\t\t\t<div class=\"elementor-container elementor-column-gap-default\">\n\t\t\t\t\t<div class=\"elementor-column elementor-col-100 elementor-top-column elementor-element elementor-element-801eab6\" data-id=\"801eab6\" data-element_type=\"column\" data-e-type=\"column\">\n\t\t\t<div class=\"elementor-widget-wrap elementor-element-populated\">\n\t\t\t\t\t\t<div class=\"elementor-element elementor-element-55a89d3 elementor-invisible elementor-widget elementor-widget-heading\" data-id=\"55a89d3\" data-element_type=\"widget\" data-e-type=\"widget\" data-settings=\"{&quot;_animation&quot;:&quot;fadeInUpShorter&quot;,&quot;_animation_delay&quot;:200}\" data-widget_type=\"heading.default\">\n\t\t\t\t\t<h2 class=\"elementor-heading-title elementor-size-default\">Legal Notice<\/h2>\t\t\t\t<\/div>\n\t\t\t\t<div class=\"elementor-element elementor-element-891c20d elementor-widget elementor-widget-text-editor\" data-id=\"891c20d\" data-element_type=\"widget\" data-e-type=\"widget\" data-widget_type=\"text-editor.default\">\n\t\t\t\t\t\t\t\t\t<p>En virtud de lo estipulado por el art\u00edculo 10 de la Ley 34\/2002, de 11 de Julio, de Servicios de la Sociedad de la Informaci\u00f3n y del Comercio Electr\u00f3nico, se informa al usuario que el dominio www.i4life.es pertenece, como titular a:<\/p><p>i4life innovaci\u00f3n y desarrollos, S.L. (en adelante, i4life)<br \/>NIF: B-52.562.428<br \/>Calle Profesor Potter, 183 <br \/>Gij\u00f3n (33203 &#8211; Asturias)<br \/>www.i4life.es<\/p><p>Inscrita en el Registro Mercantil de Asturias con n\u00famero de Tomo 4.307, Folio 60, Secci\u00f3n 8, Hoja n\u00ba 53.107, Inscripci\u00f3n 1.<\/p><h3>CONDICIONES DE USO<\/h3><p>El uso de esta website se regir\u00e1 por las presentes condiciones, incluy\u00e9ndose los contenidos y servicios puestos a disposici\u00f3n de los usuarios. Es por ello que desde i4life le rogamos que lea atentamente estas condiciones ya que contienen toda la informaci\u00f3n relativa a sus derechos y obligaciones.<\/p><p>Debe saber que con el mero acceso a la website ya se le considerar\u00e1 como \u201cusuario\u201d de la misma y con ello acepta expresamente, de forma autom\u00e1tica y voluntaria, las condiciones vigentes en cada momento. En caso de que no desee aceptarlas se le recomienda no seguir haciendo uso de la website. Destacar que el acceso a www.i4life.es es gratuito y no exige previa suscripci\u00f3n o registro.<\/p><p>i4life se reserva el derecho, en exclusiva y en cualquier momento, a revisar las presentes condiciones para introducir modificaciones derivadas de cambios legislativos o por decisiones corporativas, comprometi\u00e9ndose a publicar y con ello informar de las variaciones que pudieran afectar a los usuarios. Estas modificaciones se entender\u00e1n aceptadas cuando el usuario siga haciendo uso de la website.<\/p><p>As\u00ed mismo, i4life se reserva el derecho a modificar unilateralmente, en cualquier momento y sin previo aviso, la estructura y dise\u00f1o de la website, as\u00ed como los servicios o contenidos. Con estos mismos t\u00e9rminos, durante las tareas de modificaci\u00f3n, reparaci\u00f3n, actualizaci\u00f3n o mejoras se podr\u00e1 suspender el acceso a la website.<\/p><p>Podr\u00eda ocurrir que derivado de las modificaciones en la website descritas en el p\u00e1rrafo anterior se incluyeran nuevos contenidos o servicios que adem\u00e1s de estar sujetos a estas Condiciones de Uso tambi\u00e9n lo estuvieran a Condiciones Particulares o Especiales que ampliaran o sustituyeran las presentes. En caso de que hubiera alguna discordancia entre las generales y las particulares, prevalecer\u00e1 lo estipulado en estas \u00faltimas.<\/p><h3><br \/>Obligaciones y responsabilidades de los usuarios<\/h3><p>Durante el uso de la presente website, el usuario se compromete a no contravenir la legislaci\u00f3n vigente, la buena fe, la costumbre y el orden p\u00fablico durante el uso de la presente website, quedando prohibido el uso con fines il\u00edcitos, enga\u00f1osos, malintencionados o lesivos para i4life o terceros. Por tanto, el uso debe ser adecuado y correcto, absteni\u00e9ndose el usuario a realizar conductas da\u00f1inas a la imagen, intereses y\/o derechos de i4life y\/o terceros o da\u00f1e, inutilice o sobrecargue la website. As\u00ed mismo, deber\u00e1 abstenerse de acceder, utilizar y\/o manipular los datos de i4life.<\/p><p>El usuario se compromete a facilitar informaci\u00f3n veraz a trav\u00e9s de las comunicaciones con i4life, constituy\u00e9ndose como \u00fanico responsable de los da\u00f1os o perjuicios que pudiera causar dicha informaci\u00f3n, por ser inexacta o falsa, tanto a i4life como a terceros.<\/p><p>El usuario es el \u00fanico responsable de asegurarse de cumplir con los requisitos t\u00e9cnicos m\u00ednimos y de conexi\u00f3n a internet necesarios para el correcto uso de la website. En consecuencia, i4life no asumir\u00e1 responsabilidad alguna por la inadecuaci\u00f3n de los requisitos t\u00e9cnicos de los equipos del usuario que impidan el correcto funcionamiento operativo.<\/p><p>i4life adopta las medidas de seguridad razonablemente adecuadas para detectar la existencia de virus, incluso en los archivos que se puedan descargar derivados del uso de la website. No obstante, se debe tener en cuenta que las medidas de seguridad de los sistemas inform\u00e1ticos no son enteramente fiables por lo que i4life no puede garantizar la inexistencia de virus u otros elementos que pudieran incidir en los sistemas inform\u00e1ticos, documentos y\/o ficheros del usuario. Rogamos a los usuarios que se abstengan de introducir o difundir en la red virus inform\u00e1ticos o sistemas f\u00edsicos o l\u00f3gicos que puedan provocar da\u00f1os a i4life o terceros.<\/p><p>i4life se reserva el derecho a emprender las acciones legales necesarias en defensa de sus intereses o suspender temporalmente, y sin previo aviso, la accesibilidad a la website con motivo de operaciones de mantenimiento, reparaci\u00f3n, actualizaci\u00f3n o mejora.<\/p><p>El usuario se compromete a utilizar la presente website respetando los siguientes puntos:<\/p><ul><li>El usuario se compromete a no realizar ning\u00fan intento de violaci\u00f3n de niveles de acceso, manipulaci\u00f3n incorrecta de datos, duplicaciones y exportaciones de datos o informaciones protegidas por propiedad intelectual u otros derechos legales, intentar el acceso a \u00e1reas restringidas de los sistemas inform\u00e1ticos de i4life, introducci\u00f3n de programas, virus o cualquier otro dispositivo que produzca o pueda producir modificaciones en el sistema inform\u00e1tico de i4life o de terceros.<\/li><li>El usuario no podr\u00e1 ceder ni transmitir a un tercero el nombre de usuario y contrase\u00f1a de acceso quedando, en definitiva, prohibida la utilizaci\u00f3n de la website para cualquier otro fin que no sea la exclusiva satisfacci\u00f3n de sus propias necesidades de uso, o que no sea el uso descrito en la propia website.<\/li><li>El usuario proveer\u00e1 los medios necesarios para asegurar que las contrase\u00f1as y claves de acceso a la aplicaci\u00f3n permanecer\u00e1n bajo su control y no ser\u00e1n divulgadas, copiadas, reproducidas por parte de terceras personas no autorizadas, debiendo custodiar las mismas por medios f\u00edsicos y l\u00f3gicos. El usuario debe notificarnos de inmediato cualquier uso no autorizado o falla de seguridad de tu cuenta o nuestros Servicios.<\/li><li>Queda absolutamente prohibido al usuario, de forma enunciativa pero no limitativa, realizar ingenier\u00eda inversa, descompilar, desensamblar, reproducir, traducir, modificar, versionar, comercializar, duplicar, transformar ni transmitir a terceros, en todo o en parte la website, as\u00ed como eliminar, manipular o alterar de cualquier modo cualquier aviso o etiqueta f\u00edsica o l\u00f3gica que incluya los derechos de propiedad de i4life sobre la aplicaci\u00f3n.<\/li><li>La utilizaci\u00f3n de la website no implica la aceptaci\u00f3n, aprobaci\u00f3n y\/o conocimiento por parte del i4life del uso indebido que se haga de la website, puesto que la i4life s\u00f3lo proporciona al usuario permisos para hacer un correcto uso de la misma, conforme al presente contrato. El usuario es el \u00fanico responsable del correcto uso de la website.<\/li><li>Asimismo, en el caso de que el usuario no cumpliera con las obligaciones aqu\u00ed recogidas, i4life podr\u00e1 cesar la prestaci\u00f3n de servicios, mediando notificaci\u00f3n por escrito de los motivos de dicho cese, y sin perjuicio de la penalizaci\u00f3n que pudiera corresponder.<\/li><li>Todos los derechos que no se hayan incluido expresamente en las presentes condiciones de uso, incluidos los derechos en materia de propiedad intelectual e industrial, quedan reservados a i4life.<\/li><\/ul><h3>Propiedad Intelectual e Industrial. Admisi\u00f3n de backlinks \/ hiperlinks<\/h3><h4>Permiso para reproducir fotograf\u00edas<\/h4><p>Los contenidos, las fotograf\u00edas, videos, los dise\u00f1os, textos, gr\u00e1ficos, logos, iconos, botones, software, nombres comerciales, marcas o cualquier otro signo que pueda ser susceptible de comercializaci\u00f3n o uso industrial mostrados en la website son propiedad de i4life, o de terceros titulares que hayan autorizado debidamente su inclusi\u00f3n en la website o en cualquier red social donde i4life est\u00e9 presente, salvo en aquellos casos en que exista una indicaci\u00f3n expresa en contrario, y est\u00e1n protegidos, entre otras, por las normas nacionales e internacionales de propiedad intelectual e industrial.<\/p><p>Queda prohibida la reproducci\u00f3n de la presente website, as\u00ed como ninguno de sus contenidos, salvo autorizaci\u00f3n expresa y por escrito de i4life. Sin perjuicio, el usuario tendr\u00e1 el derecho a crear enlaces a la p\u00e1gina de la website para el uso privado y no comercial sujeto a diferentes condiciones, reserv\u00e1ndose i4life el derecho a solicitar, en cualquier momento, la eliminaci\u00f3n inmediata de cualquier enlace a la website. Las condiciones son:<\/p><ul><li>Ser\u00e1 un derecho revocable y no exclusivo.<\/li><li>No podr\u00e1 dar a entender que i4life recomienda dicho sitio web, servicios o productos ni falsear su relaci\u00f3n.<\/li><li>No debe incluir contenidos considerados de mal gusto, obscenos, ofensivos controvertidos, incitadores a la violencia o discriminaci\u00f3n por sexo, raza o religi\u00f3n, contrarios al orden p\u00fablico o il\u00edcito.<\/li><li>El enlace debe dirigir a la website, sin que se permita la reproducci\u00f3n como parte de su web o dentro de uno de sus frames o crear un browser sobre cualquiera de las p\u00e1ginas de la website.<\/li><\/ul><p>i4life no puede controlar la informaci\u00f3n, contenidos, productos o servicios facilitados por otros sitios web que tengan establecidos enlaces con destino a la website. Por este motivo, no se hace responsable de cualquier aspecto relativo a tales sitios web.<\/p><p>i4life ostenta la titularidad de los signos distintivos identificativos de su sociedad, por lo que proh\u00edbe su reproducci\u00f3n, imitaci\u00f3n, utilizaci\u00f3n o inserci\u00f3n de estos signos distintivos sin nuestra debida autorizaci\u00f3n.<\/p><h3>Responsabilidad de la empresa<\/h3><p>i4life no se hace responsable de las deficiencias del servicio de su proveedor de servicios, ni de las redes de comunicaci\u00f3n, ni de los problemas resultantes del mal funcionamiento o uso de versiones no optimizadas de cualquier tipo de navegador, as\u00ed como de aquellas derivadas de interrupciones prolongadas del suministro el\u00e9ctrico, l\u00edneas de telecomunicaciones, conflictos sociales, huelgas, explosiones, inundaciones, actos y omisiones del Gobierno, y en general todos los supuestos de fuerza mayor o de caso fortuito.<\/p><p>Tanto el acceso a la website como el uso que pueda hacerse de la informaci\u00f3n contenida en la misma es de exclusiva responsabilidad de quien lo realiza. Por tanto, i4life no se responsabiliza de las consecuencias que pudiera ocasionar dicho uso o acceso a la informaci\u00f3n y \u00fanicamente proceder\u00e1 a la eliminaci\u00f3n, lo antes posible, de los contenidos que pudieran generar alg\u00fan tipo de da\u00f1o o perjuicio, siempre que as\u00ed se notifique o tenga conocimiento efectivo.<\/p><p>i4life no responder\u00e1 de los posibles errores de seguridad que se puedan producir ni de los posibles da\u00f1os que se ocasionaren al sistema inform\u00e1tico del usuario, ficheros o documentos almacenados en el mismo, cuando tengan origen en un virus proveniente del ordenador del usuario, mal funcionamiento del navegador o del uso de versiones no actualizadas del mismo, de aver\u00edas telef\u00f3nicas, interferencias, omisiones o desconexiones en el funcionamiento operativo del sistema electr\u00f3nico motivados por causas ajenas a i4life.<\/p><h3>Normas de Uso de la pesta\u00f1a Noticias<\/h3><p>En la secci\u00f3n Noticias informa sobre novedades, servicios ofrecidos, datos de inter\u00e9s y cualquier informaci\u00f3n general relacionada con el i4life. La presente website ofrece la posibilidad de participar a los usuarios con sus comentarios en las entradas publicadas por i4life en la secci\u00f3n Noticias.<\/p><p>i4life recomienda a los usuarios que, bajo su responsabilidad, lean atentamente las presentes condiciones espec\u00edficas si pretenden participar pues con \u00e9sta se entender\u00e1n aceptadas las presentes normas de uso en su totalidad. En caso de no estar de acuerdo con estas normas, se sugiere al usuario su no participaci\u00f3n.<br \/>Las opiniones vertidas en las entradas son de exclusiva responsabilidad de los usuarios, as\u00ed como la responsabilidad de cualquier tipo que pueda derivarse de las mismas. i4life no asume ninguna responsabilidad sobre las informaciones elaboradas o las opiniones expresadas a t\u00edtulo personal por los usuarios. De manera especial, se rechaza la responsabilidad sobre la informaci\u00f3n contenida en las p\u00e1ginas de terceros que publiquen los usuarios en sus comentarios.<\/p><p>No obstante, todo lo anterior, el usuario se obliga expresamente a hacer uso de las pesta\u00f1as de www.i4life.es manera diligente y correcta, respetando las normas de conducta y buen uso que se enumeran a continuaci\u00f3n:<\/p><ul><li>El usuario se compromete a no utilizar las pesta\u00f1as para llevar a cabo actividades contrarias a la ley, las buenas costumbres, el orden moral establecido o con finalidades il\u00edcitas, prohibidas o que puedan lesionar los derechos e intereses de terceros.<\/li><li>El usuario se obliga a no asediar ni molestar a otros usuarios o a terceros, a no recoger ni almacenar informaci\u00f3n de otros usuarios o terceros sin cumplir la legalidad vigente en materia de protecci\u00f3n de datos.<\/li><li>Queda totalmente prohibida la inclusi\u00f3n de mensajes o comentarios que incluyan datos de car\u00e1cter personal o cualquier informaci\u00f3n que revele la identidad de personas f\u00edsicas o jur\u00eddicas, especialmente menores de edad.<\/li><li>El usuario se obliga a no insertar, reproducir, difundir ni poner a disposici\u00f3n del resto de usuarios, textos, gr\u00e1ficos, im\u00e1genes, bases de datos, programas de ordenador, logotipos, marcas ni signos distintivos de los que no sea titular o de los que no disponga de los derechos necesarios para reproducirlos, comunicarlos o ponerlos a disposici\u00f3n del p\u00fablico.<\/li><li>El usuario reconoce y acepta que el uso de las pesta\u00f1as tenga finalidades estrictamente personales, quedando prohibido el uso del mismo con finalidades comerciales o lucrativas.<\/li><li>El usuario se abstendr\u00e1 de utilizar los contenidos de las entradas de modo que pueda da\u00f1ar, inutilizar, sobrecargar o deteriorar el mismo, o bien impedir su uso normal por parte de los usuarios.<\/li><li>Queda prohibida la difusi\u00f3n, almacenaje y gesti\u00f3n de contenidos que sean susceptibles de infringir derechos de terceros, o cualquiera de las normativas reguladoras de derechos de naturaleza civil, penal, administrativa o de cualquier otra naturaleza.<\/li><\/ul><p>i4life se reserva el derecho a no aprobar o eliminar, en todo momento, cualquier comentario u opini\u00f3n, si suponen una vulneraci\u00f3n de la legalidad vigente, o se quebrantan las presentes condiciones de uso o derechos de terceros.<\/p><h3>Resoluci\u00f3n de conflictos. Ley aplicable y jurisdicci\u00f3n<\/h3><p>Las presentes Condiciones Generales de Uso se regir\u00e1n por la legislaci\u00f3n espa\u00f1ola y, en especial, a la legislaci\u00f3n en materia de protecci\u00f3n de datos de car\u00e1cter personal (Ley Org\u00e1nica de Protecci\u00f3n de Datos de Car\u00e1cter Personal y su Reglamento de desarrollo, adem\u00e1s del Reglamento General de Protecci\u00f3n de Datos 2016\/679 de la Uni\u00f3n Europea) y a la legislaci\u00f3n en materia de servicios de la sociedad de la informaci\u00f3n (Ley 34\/2002, de 11 de julio, de servicios de la sociedad de la informaci\u00f3n y de comercio electr\u00f3nico). Cualquier controversia que surja o guarde relaci\u00f3n con el uso de la p\u00e1gina web o con dichos contratos ser\u00e1 sometida a la jurisdicci\u00f3n no exclusiva de los juzgados y tribunales espa\u00f1oles.<\/p><p>Si usted est\u00e1 contratando como consumidor, nada en la presente cl\u00e1usula afectar\u00e1 a los derechos que como tal le reconoce la legislaci\u00f3n vigente. <br \/>Conforme al Reglamento (UE) n\u00ba 524\/2013 del Parlamento Europeo y del Consejo, de 21 de mayo de 2013, ponemos a disposici\u00f3n del cliente el siguiente enlace que permite el acceso a la plataforma de resoluci\u00f3n de litigios en l\u00ednea de la Uni\u00f3n Europea.<\/p><p>\u00daltima modificaci\u00f3n: 31 de marzo de 2020<br \/>Texto legal desarrollado por:<br \/>\u00c1rea Digital Abogados, S.L.P.<br \/>adabogados.net<\/p>\t\t\t\t\t\t\t\t<\/div>\n\t\t\t\t\t<\/div>\n\t\t<\/div>\n\t\t\t\t\t<\/div>\n\t\t<\/section>\n\t\t\t\t<section class=\"elementor-section elementor-top-section elementor-element elementor-element-d502af4 elementor-section-boxed elementor-section-height-default elementor-section-height-default\" data-id=\"d502af4\" data-element_type=\"section\" data-e-type=\"section\">\n\t\t\t\t\t\t<div class=\"elementor-container elementor-column-gap-default\">\n\t\t\t\t\t<div class=\"elementor-column elementor-col-100 elementor-top-column elementor-element elementor-element-4bef3e5\" data-id=\"4bef3e5\" data-element_type=\"column\" data-e-type=\"column\">\n\t\t\t<div class=\"elementor-widget-wrap elementor-element-populated\">\n\t\t\t\t\t\t<div class=\"elementor-element elementor-element-de863e8 elementor-widget elementor-widget-spacer\" data-id=\"de863e8\" data-element_type=\"widget\" data-e-type=\"widget\" data-widget_type=\"spacer.default\">\n\t\t\t\t\t\t\t<div class=\"elementor-spacer\">\n\t\t\t<div class=\"elementor-spacer-inner\"><\/div>\n\t\t<\/div>\n\t\t\t\t\t\t<\/div>\n\t\t\t\t\t<\/div>\n\t\t<\/div>\n\t\t\t\t\t<\/div>\n\t\t<\/section>\n\t\t\t\t<\/div>","protected":false},"excerpt":{"rendered":"<p>Aviso Legal En virtud de lo estipulado por el art\u00edculo 10 de la Ley 34\/2002, de 11 de Julio, de Servicios de la Sociedad de la Informaci\u00f3n y del Comercio [&hellip;]<\/p>\n","protected":false},"author":1,"featured_media":0,"parent":0,"menu_order":0,"comment_status":"closed","ping_status":"closed","template":"elementor_header_footer","meta":{"_joinchat":[],"footnotes":""},"class_list":["post-742","page","type-page","status-publish","hentry"],"_links":{"self":[{"href":"https:\/\/tienda.i4life.es\/en\/wp-json\/wp\/v2\/pages\/742","targetHints":{"allow":["GET"]}}],"collection":[{"href":"https:\/\/tienda.i4life.es\/en\/wp-json\/wp\/v2\/pages"}],"about":[{"href":"https:\/\/tienda.i4life.es\/en\/wp-json\/wp\/v2\/types\/page"}],"author":[{"embeddable":true,"href":"https:\/\/tienda.i4life.es\/en\/wp-json\/wp\/v2\/users\/1"}],"replies":[{"embeddable":true,"href":"https:\/\/tienda.i4life.es\/en\/wp-json\/wp\/v2\/comments?post=742"}],"version-history":[{"count":10,"href":"https:\/\/tienda.i4life.es\/en\/wp-json\/wp\/v2\/pages\/742\/revisions"}],"predecessor-version":[{"id":804,"href":"https:\/\/tienda.i4life.es\/en\/wp-json\/wp\/v2\/pages\/742\/revisions\/804"}],"wp:attachment":[{"href":"https:\/\/tienda.i4life.es\/en\/wp-json\/wp\/v2\/media?parent=742"}],"curies":[{"name":"wp","href":"https:\/\/api.w.org\/{rel}","templated":true}]}}