{"id":1447,"date":"2024-05-08T11:55:35","date_gmt":"2024-05-08T09:55:35","guid":{"rendered":"https:\/\/tienda.i4life.es\/?page_id=1447"},"modified":"2024-05-08T12:40:14","modified_gmt":"2024-05-08T10:40:14","slug":"politica-de-devoluciones","status":"publish","type":"page","link":"https:\/\/tienda.i4life.es\/en\/politica-de-devoluciones\/","title":{"rendered":"Pol\u00edtica de devoluciones"},"content":{"rendered":"<div data-elementor-type=\"wp-page\" data-elementor-id=\"1447\" class=\"elementor elementor-1447\">\n\t\t\t\t\t\t<section class=\"elementor-section elementor-top-section elementor-element elementor-element-6c09bab elementor-section-full_width elementor-section-height-min-height elementor-section-height-default elementor-section-items-middle elementor-invisible\" data-id=\"6c09bab\" data-element_type=\"section\" data-e-type=\"section\" data-settings=\"{&quot;animation&quot;:&quot;fadeInUpShorter&quot;,&quot;animation_delay&quot;:400,&quot;background_background&quot;:&quot;classic&quot;}\">\n\t\t\t\t\t\t\t<div class=\"elementor-background-overlay\"><\/div>\n\t\t\t\t\t\t\t<div class=\"elementor-container elementor-column-gap-default\">\n\t\t\t\t\t<div class=\"elementor-column elementor-col-100 elementor-top-column elementor-element elementor-element-801eab6\" data-id=\"801eab6\" data-element_type=\"column\" data-e-type=\"column\">\n\t\t\t<div class=\"elementor-widget-wrap elementor-element-populated\">\n\t\t\t\t\t\t<div class=\"elementor-element elementor-element-55a89d3 elementor-invisible elementor-widget elementor-widget-heading\" data-id=\"55a89d3\" data-element_type=\"widget\" data-e-type=\"widget\" data-settings=\"{&quot;_animation&quot;:&quot;fadeInUpShorter&quot;,&quot;_animation_delay&quot;:200}\" data-widget_type=\"heading.default\">\n\t\t\t\t\t<h1 class=\"elementor-heading-title elementor-size-default\">Pol\u00edtica de devoluciones<\/h1>\t\t\t\t<\/div>\n\t\t\t\t<div class=\"elementor-element elementor-element-891c20d elementor-widget elementor-widget-text-editor\" data-id=\"891c20d\" data-element_type=\"widget\" data-e-type=\"widget\" data-widget_type=\"text-editor.default\">\n\t\t\t\t\t\t\t\t\t<h2>Derecho de desistimiento<\/h2><p>En virtud a lo establecido en el art\u00edculo 102 del Texto Refundido de la Ley General para la Defensa de los Consumidores y Clientes el cliente dispondr\u00e1 de un plazo de hasta catorce (14) d\u00edas naturales a partir de la recepci\u00f3n del producto para ejercer su derecho de desistimiento, sin indicar motivo alguno.<br \/><b><\/b><\/p><p><span style=\"font-weight: 400;\">Para ejercer el derecho de desistimiento, deber\u00e1 usted notificarnos su decisi\u00f3n de desistir del contrato a trav\u00e9s de una declaraci\u00f3n inequ\u00edvoca a la direcci\u00f3n Parque Cient\u00edfico Tecnol\u00f3gico. Edificio Vor\u00e1gine. Calle Profesor Potter, 183, de la localidad de Gij\u00f3n (C.P. 33203 &#8211; Asturias); o bien a trav\u00e9s de la direcci\u00f3n de correo electr\u00f3nico info@i4life.es. Para ello, podr\u00e1 utilizar el modelo de formulario de desistimiento incluido en el anexo 1 de las presentes condiciones generales. En cualquier caso, i4life da la opci\u00f3n de cumplimentar y enviar electr\u00f3nicamente el modelo de desistimiento o a trav\u00e9s de nuestro sitio web. Si finalmente el cliente decide hacerlo a trav\u00e9s del formulario electr\u00f3nico, se le enviar\u00e1 un correo electr\u00f3nico de confirmaci\u00f3n de recepci\u00f3n de su solicitud.<\/span><\/p><p><span style=\"font-weight: 400;\">En caso de desistimiento por su parte, se devolver\u00e1 al cliente todos los pagos recibidos de usted. Los gastos de env\u00edo para la ejecuci\u00f3n de la devoluci\u00f3n correr\u00e1n a cuenta del cliente. Los productos devueltos deben estar en condiciones normales (con su embalaje original y sin usar). Ser\u00e1 necesario adjuntar una copia de la factura. Antes de devolver el Producto, el Cliente debe asegurarse de que el mismo se encuentra debidamente protegido y precintado para que no sufra ning\u00fan da\u00f1o durante el transporte.<\/span><\/p><p><span style=\"font-weight: 400;\">Si la causa de la devoluci\u00f3n es que el producto est\u00e1 defectuoso o no corresponde a lo pedido, i4life correr\u00e1 con los gastos de la devoluci\u00f3n y el nuevo env\u00edo. Si el motivo es que el pedido no le satisface, le rembolsaremos el importe, pero no los gastos de devoluci\u00f3n. Tampoco se abonar\u00e1n los gastos adicionales de entrega en caso de que el cliente haya seleccionado expresamente una modalidad de entrega diferente a la modalidad menos costosa de entrega ordinaria.<\/span><\/p><p><span style=\"font-weight: 400;\">La devoluci\u00f3n del importe se realizar\u00e1 sin ninguna demora indebida y en cualquier caso a m\u00e1s tardar en el plazo de catorce (14) d\u00edas naturales a partir de la fecha en que en que haya sido comunicada de manera efectiva e inequ\u00edvoca la decisi\u00f3n de desistimiento del contrato y siempre y cuando se hayan recibido previamente los productos y\/o servicios objeto de desistimiento. En caso contrario, podr\u00e1 retenerse el desembolso hasta la recepci\u00f3n de los productos y\/o servicios desistidos o hasta que el cliente acredite su devoluci\u00f3n.<\/span><\/p><p><span style=\"font-weight: 400;\">La devoluci\u00f3n del importe se efectuar\u00e1 con la misma forma de pago que se haya utilizado.<\/span><\/p><p><span style=\"font-weight: 400;\">El ejercicio del derecho de desistimiento extinguir\u00e1 las obligaciones de las partes de ejecutar el contrato.\u00a0<\/span><\/p><p><span style=\"font-weight: 400;\">Indicar que quedan excluidos del derecho de desistimiento:<\/span><\/p><p><span style=\"font-weight: 400;\">En base a lo establecido en el art\u00edculo 103.c) del Real Decreto Legislativo 1\/2007, de 16 de noviembre, por el que se aprueba el texto refundido de la Ley General para la Defensa de los Consumidores y Usuarios y otras leyes complementarias, no podr\u00e1 ejercer su derecho a desistimiento sobre aquellos bienes confeccionados conforme a sus especificaciones o que se encuentren claramente personalizados. Indicar igualmente que, en base a lo establecido en los apartados d) y e) del art\u00edculo 103 del mismo texto legal, no operar\u00e1 el derecho de desistimiento cuando el suministro de bienes que puedan deteriorarse o caducar con rapidez, as\u00ed como el de aquellos bienes precintados que no sean aptos para ser devueltos por razones de protecci\u00f3n de la salud o de higiene y que hayan sido desprecintados tras la entrega.<\/span><\/p><p><span style=\"font-weight: 400;\">Tambi\u00e9n queda excluido del derecho de desistimiento cualquier otro producto, bien y\/o servicio amparado en el art\u00edculo 103 del Real Decreto Legislativo 1\/2007, de 16 de noviembre, por el que se aprueba el texto refundido de la Ley General para la Defensa de los Consumidores y Usuarios y otras leyes complementarias.<\/span><\/p><p><br \/><br \/><\/p>\t\t\t\t\t\t\t\t<\/div>\n\t\t\t\t\t<\/div>\n\t\t<\/div>\n\t\t\t\t\t<\/div>\n\t\t<\/section>\n\t\t\t\t<\/div>","protected":false},"excerpt":{"rendered":"<p>Pol\u00edtica de devoluciones Derecho de desistimiento En virtud a lo establecido en el art\u00edculo 102 del Texto Refundido de la Ley General para la Defensa de los Consumidores y Clientes [&hellip;]<\/p>\n","protected":false},"author":1,"featured_media":0,"parent":0,"menu_order":0,"comment_status":"closed","ping_status":"closed","template":"elementor_header_footer","meta":{"_joinchat":[],"footnotes":""},"class_list":["post-1447","page","type-page","status-publish","hentry"],"_links":{"self":[{"href":"https:\/\/tienda.i4life.es\/en\/wp-json\/wp\/v2\/pages\/1447","targetHints":{"allow":["GET"]}}],"collection":[{"href":"https:\/\/tienda.i4life.es\/en\/wp-json\/wp\/v2\/pages"}],"about":[{"href":"https:\/\/tienda.i4life.es\/en\/wp-json\/wp\/v2\/types\/page"}],"author":[{"embeddable":true,"href":"https:\/\/tienda.i4life.es\/en\/wp-json\/wp\/v2\/users\/1"}],"replies":[{"embeddable":true,"href":"https:\/\/tienda.i4life.es\/en\/wp-json\/wp\/v2\/comments?post=1447"}],"version-history":[{"count":4,"href":"https:\/\/tienda.i4life.es\/en\/wp-json\/wp\/v2\/pages\/1447\/revisions"}],"predecessor-version":[{"id":1461,"href":"https:\/\/tienda.i4life.es\/en\/wp-json\/wp\/v2\/pages\/1447\/revisions\/1461"}],"wp:attachment":[{"href":"https:\/\/tienda.i4life.es\/en\/wp-json\/wp\/v2\/media?parent=1447"}],"curies":[{"name":"wp","href":"https:\/\/api.w.org\/{rel}","templated":true}]}}