{"id":1446,"date":"2024-05-08T11:55:23","date_gmt":"2024-05-08T09:55:23","guid":{"rendered":"https:\/\/tienda.i4life.es\/?page_id=1446"},"modified":"2024-05-08T12:38:34","modified_gmt":"2024-05-08T10:38:34","slug":"politica-de-envios","status":"publish","type":"page","link":"https:\/\/tienda.i4life.es\/en\/politica-de-envios\/","title":{"rendered":"Pol\u00edtica de env\u00edos"},"content":{"rendered":"<div data-elementor-type=\"wp-page\" data-elementor-id=\"1446\" class=\"elementor elementor-1446\">\n\t\t\t\t\t\t<section class=\"elementor-section elementor-top-section elementor-element elementor-element-6c09bab elementor-section-full_width elementor-section-height-min-height elementor-section-height-default elementor-section-items-middle elementor-invisible\" data-id=\"6c09bab\" data-element_type=\"section\" data-e-type=\"section\" data-settings=\"{&quot;animation&quot;:&quot;fadeInUpShorter&quot;,&quot;animation_delay&quot;:400,&quot;background_background&quot;:&quot;classic&quot;}\">\n\t\t\t\t\t\t\t<div class=\"elementor-background-overlay\"><\/div>\n\t\t\t\t\t\t\t<div class=\"elementor-container elementor-column-gap-default\">\n\t\t\t\t\t<div class=\"elementor-column elementor-col-100 elementor-top-column elementor-element elementor-element-801eab6\" data-id=\"801eab6\" data-element_type=\"column\" data-e-type=\"column\">\n\t\t\t<div class=\"elementor-widget-wrap elementor-element-populated\">\n\t\t\t\t\t\t<div class=\"elementor-element elementor-element-55a89d3 elementor-invisible elementor-widget elementor-widget-heading\" data-id=\"55a89d3\" data-element_type=\"widget\" data-e-type=\"widget\" data-settings=\"{&quot;_animation&quot;:&quot;fadeInUpShorter&quot;,&quot;_animation_delay&quot;:200}\" data-widget_type=\"heading.default\">\n\t\t\t\t\t<h1 class=\"elementor-heading-title elementor-size-default\">Pol\u00edtica de env\u00edos<\/h1>\t\t\t\t<\/div>\n\t\t\t\t<div class=\"elementor-element elementor-element-891c20d elementor-widget elementor-widget-text-editor\" data-id=\"891c20d\" data-element_type=\"widget\" data-e-type=\"widget\" data-widget_type=\"text-editor.default\">\n\t\t\t\t\t\t\t\t\t<h2>Procedimiento de env\u00edo<\/h2><h3>Entrega a domicilio<br \/><b><\/b><\/h3><p><span style=\"font-weight: 400;\">El cliente podr\u00e1 seleccionar la opci\u00f3n de entrega a domicilio siempre que esta est\u00e9 disponible y sujeta a disponibilidad de stock. Las entregas a domicilio se realizar\u00e1n en Nacional (Pen\u00ednsula).<\/span><\/p><p><span style=\"font-weight: 400;\">Los gastos de env\u00edo son proporcionales al peso, el destino del paquete y la modalidad de env\u00edo y correr\u00e1n a cargo del cliente. Estos gastos ser\u00e1n visualizados en la cesta de la compra antes de proceder a la contrataci\u00f3n.<\/span><\/p><p><span style=\"font-weight: 400;\">i4life hace hincapi\u00e9 en la responsabilidad del cliente de introducir una direcci\u00f3n de entrega completa y correcta. En el momento de la salida del pedido de distribuci\u00f3n se informar\u00e1 al cliente de este hecho y el transportista activar\u00e1 las funciones de seguimiento para garantizar la entrega.<\/span><\/p><p><span style=\"font-weight: 400;\">La entrega de los productos y\/o servicios contratados se realizar\u00e1, en general, respetando los siguientes plazos de entrega: Env\u00edos en 2-3 d\u00edas laborables.\u00a0<\/span><\/p><h3>Excepciones en los plazos de entrega:<\/h3><p><span style=\"font-weight: 400;\">Durante las ofertas especiales de la web i4life, el tiempo de entrega puede ser superior al habitual.<\/span><\/p><p><span style=\"font-weight: 400;\">Los periodos vacacionales de i4life se notificar\u00e1n en la web y durante el proceso de contrataci\u00f3n.<\/span><\/p><p><span style=\"font-weight: 400;\">i4life no asumir\u00e1 ninguna responsabilidad por retraso en la entrega de los pedidos cuando este retraso<\/span><span style=\"font-weight: 400;\"> sea culpa exclusiva del cliente o de la persona autorizada.\u00a0<\/span><\/p><p><span style=\"font-weight: 400;\">El cliente asume los riesgos de deterioro, menoscabo, da\u00f1os y p\u00e9rdida de los productos del pedido a partir del momento de la entrega de los mismos de acuerdo al procedimiento regulado en los presentes T\u00e9rminos y Condiciones. El cliente ser\u00e1 responsable del almacenaje y conservaci\u00f3n de los productos en las condiciones que, en su caso, se establezcan en su etiquetado.\u00a0<\/span><\/p>\t\t\t\t\t\t\t\t<\/div>\n\t\t\t\t\t<\/div>\n\t\t<\/div>\n\t\t\t\t\t<\/div>\n\t\t<\/section>\n\t\t\t\t<\/div>","protected":false},"excerpt":{"rendered":"<p>Pol\u00edtica de env\u00edos Procedimiento de env\u00edo Entrega a domicilio El cliente podr\u00e1 seleccionar la opci\u00f3n de entrega a domicilio siempre que esta est\u00e9 disponible y sujeta a disponibilidad de stock. [&hellip;]<\/p>\n","protected":false},"author":1,"featured_media":0,"parent":0,"menu_order":0,"comment_status":"closed","ping_status":"closed","template":"elementor_header_footer","meta":{"_joinchat":[],"footnotes":""},"class_list":["post-1446","page","type-page","status-publish","hentry"],"_links":{"self":[{"href":"https:\/\/tienda.i4life.es\/en\/wp-json\/wp\/v2\/pages\/1446","targetHints":{"allow":["GET"]}}],"collection":[{"href":"https:\/\/tienda.i4life.es\/en\/wp-json\/wp\/v2\/pages"}],"about":[{"href":"https:\/\/tienda.i4life.es\/en\/wp-json\/wp\/v2\/types\/page"}],"author":[{"embeddable":true,"href":"https:\/\/tienda.i4life.es\/en\/wp-json\/wp\/v2\/users\/1"}],"replies":[{"embeddable":true,"href":"https:\/\/tienda.i4life.es\/en\/wp-json\/wp\/v2\/comments?post=1446"}],"version-history":[{"count":10,"href":"https:\/\/tienda.i4life.es\/en\/wp-json\/wp\/v2\/pages\/1446\/revisions"}],"predecessor-version":[{"id":1458,"href":"https:\/\/tienda.i4life.es\/en\/wp-json\/wp\/v2\/pages\/1446\/revisions\/1458"}],"wp:attachment":[{"href":"https:\/\/tienda.i4life.es\/en\/wp-json\/wp\/v2\/media?parent=1446"}],"curies":[{"name":"wp","href":"https:\/\/api.w.org\/{rel}","templated":true}]}}